{"id":2040,"date":"2024-09-05T11:03:23","date_gmt":"2024-09-05T11:03:23","guid":{"rendered":"https:\/\/clinicadentalbulevar.es\/?page_id=2040"},"modified":"2024-09-05T11:03:23","modified_gmt":"2024-09-05T11:03:23","slug":"blog","status":"publish","type":"page","link":"https:\/\/clinicadentalbulevar.es\/?page_id=2040","title":{"rendered":"Blog"},"content":{"rendered":"","protected":false},"excerpt":{"rendered":"","protected":false},"author":2,"featured_media":0,"parent":0,"menu_order":0,"comment_status":"closed","ping_status":"closed","template":"","meta":{"footnotes":""},"yoast_head":"<!-- This site is optimized with the Yoast SEO Premium plugin v22.6 (Yoast SEO v23.4) - https:\/\/yoast.com\/wordpress\/plugins\/seo\/ -->\n<title>Blog - Clinica Dental Bulevar<\/title>\n<meta name=\"robots\" content=\"index, follow, max-snippet:-1, max-image-preview:large, max-video-preview:-1\" \/>\n<link rel=\"canonical\" href=\"https:\/\/clinicadentalbulevar.es\/?page_id=2040\" \/>\n<meta property=\"og:locale\" content=\"es_ES\" \/>\n<meta property=\"og:type\" content=\"article\" \/>\n<meta property=\"og:title\" content=\"Blog\" \/>\n<meta property=\"og:url\" content=\"https:\/\/clinicadentalbulevar.es\/?page_id=2040\" \/>\n<meta property=\"og:site_name\" content=\"Clinica Dental Bulevar\" \/>\n<meta property=\"article:publisher\" content=\"https:\/\/www.facebook.com\/profile.php?id=100036881782645\" \/>\n<meta property=\"og:image\" content=\"https:\/\/clinicadentalbulevar.es\/wp-content\/uploads\/2024\/10\/logo-seo.jpg\" \/>\n\t<meta property=\"og:image:width\" content=\"1200\" \/>\n\t<meta property=\"og:image:height\" content=\"675\" \/>\n\t<meta property=\"og:image:type\" content=\"image\/jpeg\" \/>\n<meta name=\"twitter:card\" content=\"summary_large_image\" \/>\n<script type=\"application\/ld+json\" class=\"yoast-schema-graph\">{\"@context\":\"https:\/\/schema.org\",\"@graph\":[{\"@type\":[\"WebPage\",\"CollectionPage\"],\"@id\":\"https:\/\/clinicadentalbulevar.es\/?page_id=2040\",\"url\":\"https:\/\/clinicadentalbulevar.es\/?page_id=2040\",\"name\":\"Blog - Clinica Dental Bulevar\",\"isPartOf\":{\"@id\":\"https:\/\/clinicadentalbulevar.es\/#website\"},\"datePublished\":\"2024-09-05T11:03:23+00:00\",\"dateModified\":\"2024-09-05T11:03:23+00:00\",\"breadcrumb\":{\"@id\":\"https:\/\/clinicadentalbulevar.es\/?page_id=2040#breadcrumb\"},\"inLanguage\":\"es\"},{\"@type\":\"BreadcrumbList\",\"@id\":\"https:\/\/clinicadentalbulevar.es\/?page_id=2040#breadcrumb\",\"itemListElement\":[{\"@type\":\"ListItem\",\"position\":1,\"name\":\"Portada\",\"item\":\"https:\/\/clinicadentalbulevar.es\/\"},{\"@type\":\"ListItem\",\"position\":2,\"name\":\"Blog\"}]},{\"@type\":\"WebSite\",\"@id\":\"https:\/\/clinicadentalbulevar.es\/#website\",\"url\":\"https:\/\/clinicadentalbulevar.es\/\",\"name\":\"Clinica Dental Bulevar\",\"description\":\"Ubicada en el coraz\u00f3n de Ja\u00e9n, ofrecemos tratamientos avanzados de odontolog\u00eda general, ortodoncia, implantes dentales, est\u00e9tica dental, y periodoncia.\",\"publisher\":{\"@id\":\"https:\/\/clinicadentalbulevar.es\/#organization\"},\"potentialAction\":[{\"@type\":\"SearchAction\",\"target\":{\"@type\":\"EntryPoint\",\"urlTemplate\":\"https:\/\/clinicadentalbulevar.es\/?s={search_term_string}\"},\"query-input\":{\"@type\":\"PropertyValueSpecification\",\"valueRequired\":true,\"valueName\":\"search_term_string\"}}],\"inLanguage\":\"es\"},{\"@type\":\"Organization\",\"@id\":\"https:\/\/clinicadentalbulevar.es\/#organization\",\"name\":\"Clinica Dental Bulevar\",\"url\":\"https:\/\/clinicadentalbulevar.es\/\",\"logo\":{\"@type\":\"ImageObject\",\"inLanguage\":\"es\",\"@id\":\"https:\/\/clinicadentalbulevar.es\/#\/schema\/logo\/image\/\",\"url\":\"https:\/\/clinicadentalbulevar.es\/wp-content\/uploads\/2023\/12\/Clinica-DentaL-Bulevar-blanco.png\",\"contentUrl\":\"https:\/\/clinicadentalbulevar.es\/wp-content\/uploads\/2023\/12\/Clinica-DentaL-Bulevar-blanco.png\",\"width\":2019,\"height\":713,\"caption\":\"Clinica Dental Bulevar\"},\"image\":{\"@id\":\"https:\/\/clinicadentalbulevar.es\/#\/schema\/logo\/image\/\"},\"sameAs\":[\"https:\/\/www.facebook.com\/profile.php?id=100036881782645\"]}]}<\/script>\n<!-- \/ Yoast SEO Premium plugin. -->","yoast_head_json":{"title":"Blog - Clinica Dental Bulevar","robots":{"index":"index","follow":"follow","max-snippet":"max-snippet:-1","max-image-preview":"max-image-preview:large","max-video-preview":"max-video-preview:-1"},"canonical":"https:\/\/clinicadentalbulevar.es\/?page_id=2040","og_locale":"es_ES","og_type":"article","og_title":"Blog","og_url":"https:\/\/clinicadentalbulevar.es\/?page_id=2040","og_site_name":"Clinica Dental Bulevar","article_publisher":"https:\/\/www.facebook.com\/profile.php?id=100036881782645","og_image":[{"width":1200,"height":675,"url":"https:\/\/clinicadentalbulevar.es\/wp-content\/uploads\/2024\/10\/logo-seo.jpg","type":"image\/jpeg"}],"twitter_card":"summary_large_image","schema":{"@context":"https:\/\/schema.org","@graph":[{"@type":["WebPage","CollectionPage"],"@id":"https:\/\/clinicadentalbulevar.es\/?page_id=2040","url":"https:\/\/clinicadentalbulevar.es\/?page_id=2040","name":"Blog - Clinica Dental Bulevar","isPartOf":{"@id":"https:\/\/clinicadentalbulevar.es\/#website"},"datePublished":"2024-09-05T11:03:23+00:00","dateModified":"2024-09-05T11:03:23+00:00","breadcrumb":{"@id":"https:\/\/clinicadentalbulevar.es\/?page_id=2040#breadcrumb"},"inLanguage":"es"},{"@type":"BreadcrumbList","@id":"https:\/\/clinicadentalbulevar.es\/?page_id=2040#breadcrumb","itemListElement":[{"@type":"ListItem","position":1,"name":"Portada","item":"https:\/\/clinicadentalbulevar.es\/"},{"@type":"ListItem","position":2,"name":"Blog"}]},{"@type":"WebSite","@id":"https:\/\/clinicadentalbulevar.es\/#website","url":"https:\/\/clinicadentalbulevar.es\/","name":"Clinica Dental Bulevar","description":"Ubicada en el coraz\u00f3n de Ja\u00e9n, ofrecemos tratamientos avanzados de odontolog\u00eda general, ortodoncia, implantes dentales, est\u00e9tica dental, y periodoncia.","publisher":{"@id":"https:\/\/clinicadentalbulevar.es\/#organization"},"potentialAction":[{"@type":"SearchAction","target":{"@type":"EntryPoint","urlTemplate":"https:\/\/clinicadentalbulevar.es\/?s={search_term_string}"},"query-input":{"@type":"PropertyValueSpecification","valueRequired":true,"valueName":"search_term_string"}}],"inLanguage":"es"},{"@type":"Organization","@id":"https:\/\/clinicadentalbulevar.es\/#organization","name":"Clinica Dental Bulevar","url":"https:\/\/clinicadentalbulevar.es\/","logo":{"@type":"ImageObject","inLanguage":"es","@id":"https:\/\/clinicadentalbulevar.es\/#\/schema\/logo\/image\/","url":"https:\/\/clinicadentalbulevar.es\/wp-content\/uploads\/2023\/12\/Clinica-DentaL-Bulevar-blanco.png","contentUrl":"https:\/\/clinicadentalbulevar.es\/wp-content\/uploads\/2023\/12\/Clinica-DentaL-Bulevar-blanco.png","width":2019,"height":713,"caption":"Clinica Dental Bulevar"},"image":{"@id":"https:\/\/clinicadentalbulevar.es\/#\/schema\/logo\/image\/"},"sameAs":["https:\/\/www.facebook.com\/profile.php?id=100036881782645"]}]}},"_links":{"self":[{"href":"https:\/\/clinicadentalbulevar.es\/index.php?rest_route=\/wp\/v2\/pages\/2040"}],"collection":[{"href":"https:\/\/clinicadentalbulevar.es\/index.php?rest_route=\/wp\/v2\/pages"}],"about":[{"href":"https:\/\/clinicadentalbulevar.es\/index.php?rest_route=\/wp\/v2\/types\/page"}],"author":[{"embeddable":true,"href":"https:\/\/clinicadentalbulevar.es\/index.php?rest_route=\/wp\/v2\/users\/2"}],"replies":[{"embeddable":true,"href":"https:\/\/clinicadentalbulevar.es\/index.php?rest_route=%2Fwp%2Fv2%2Fcomments&post=2040"}],"version-history":[{"count":1,"href":"https:\/\/clinicadentalbulevar.es\/index.php?rest_route=\/wp\/v2\/pages\/2040\/revisions"}],"predecessor-version":[{"id":2041,"href":"https:\/\/clinicadentalbulevar.es\/index.php?rest_route=\/wp\/v2\/pages\/2040\/revisions\/2041"}],"wp:attachment":[{"href":"https:\/\/clinicadentalbulevar.es\/index.php?rest_route=%2Fwp%2Fv2%2Fmedia&parent=2040"}],"curies":[{"name":"wp","href":"https:\/\/api.w.org\/{rel}","templated":true}]}}